{"id":595,"date":"2020-12-08T12:40:00","date_gmt":"2020-12-08T12:40:00","guid":{"rendered":"https:\/\/inovatrium.ro\/temporar\/?page_id=595"},"modified":"2025-04-16T13:31:06","modified_gmt":"2025-04-16T10:31:06","slug":"drumul-tau-catre-excelenta","status":"publish","type":"page","link":"https:\/\/www.inovatrium.ro\/en\/drumul-tau-catre-excelenta\/","title":{"rendered":"Our support"},"content":{"rendered":"<div class=\"wpb-content-wrapper\"><div data-vc-full-width=\"true\" data-vc-full-width-temp=\"true\" data-vc-full-width-init=\"false\" class=\"vc_row wpb_row vc_row-fluid vc_custom_1609974945574 vc_row-has-fill vc_row-o-content-top vc_row-flex wd-bg-left-bottom\"><div class=\"wpb_column vc_column_container vc_col-sm-3 vc_col-has-fill\"><div class=\"vc_column-inner vc_custom_1607430269709\"><div class=\"wpb_wrapper\">\t\t\t<div\n\t\t\t\t\t\tclass=\"wd-social-icons  wd-style-colored-alt wd-size-default social-follow wd-shape-circle wd-off-anim wpb_animate_when_almost_visible wpb_top-to-bottom top-to-bottom wd-anim-name_top-to-bottom text-center\">\n\t\t\t\t\n\t\t\t\t\n\t\t\t\t\t\t\t\t\t<a rel=\"noopener noreferrer nofollow\" href=\"#\" target=\"_blank\" class=\"wd-social-icon social-facebook\" aria-label=\"Facebook social link\">\n\t\t\t\t\t\t<span class=\"wd-icon\"><\/span>\n\t\t\t\t\t\t\t\t\t\t\t<\/a>\n\t\t\t\t\n\t\t\t\t\n\t\t\t\t\n\t\t\t\t\n\t\t\t\t\t\t\t\t\t<a rel=\"noopener noreferrer nofollow\" href=\"#\" target=\"_blank\" class=\"wd-social-icon social-instagram\" aria-label=\"Instagram social link\">\n\t\t\t\t\t\t<span class=\"wd-icon\"><\/span>\n\t\t\t\t\t\t\t\t\t\t\t<\/a>\n\t\t\t\t\n\t\t\t\t\n\t\t\t\t\t\t\t\t\t<a rel=\"noopener noreferrer nofollow\" href=\"https:\/\/www.youtube.com\/channel\/UCacTiwX7QbHBmmTqM_1xqOQ\" target=\"_blank\" class=\"wd-social-icon social-youtube\" aria-label=\"YouTube social link\">\n\t\t\t\t\t\t<span class=\"wd-icon\"><\/span>\n\t\t\t\t\t\t\t\t\t\t\t<\/a>\n\t\t\t\t\n\t\t\t\t\n\t\t\t\t\n\t\t\t\t\n\t\t\t\t\n\t\t\t\t\n\t\t\t\t\n\t\t\t\t\n\t\t\t\t\n\t\t\t\t\n\t\t\t\t\n\t\t\t\t\n\t\t\t\t\n\t\t\t\t\n\t\t\t\t\n\t\t\t\t\n\t\t\t\t\n\t\t\t\t\n\t\t\t\t\n\t\t\t\t\n\t\t\t<\/div>\n\n\t\t\n\t<div  class=\"wpb_single_image wpb_content_element vc_align_center wpb_animate_when_almost_visible wpb_top-to-bottom top-to-bottom vc_custom_1607261997744\">\n\t\t\n\t\t<figure class=\"wpb_wrapper vc_figure\">\n\t\t\t<div class=\"vc_single_image-wrapper   vc_box_border_grey\"><img loading=\"lazy\" decoding=\"async\" width=\"1005\" height=\"954\" src=\"https:\/\/www.inovatrium.ro\/wp-content\/uploads\/2020\/11\/logo_ino.png\" class=\"vc_single_image-img attachment-full\" alt=\"\" title=\"logo_ino\" srcset=\"https:\/\/www.inovatrium.ro\/wp-content\/uploads\/2020\/11\/logo_ino.png 1005w, https:\/\/www.inovatrium.ro\/wp-content\/uploads\/2020\/11\/logo_ino-150x142.png 150w, https:\/\/www.inovatrium.ro\/wp-content\/uploads\/2020\/11\/logo_ino-600x570.png 600w, https:\/\/www.inovatrium.ro\/wp-content\/uploads\/2020\/11\/logo_ino-300x285.png 300w, https:\/\/www.inovatrium.ro\/wp-content\/uploads\/2020\/11\/logo_ino-768x729.png 768w\" sizes=\"auto, (max-width: 1005px) 100vw, 1005px\" \/><\/div>\n\t\t<\/figure>\n\t<\/div>\n<\/div><\/div><\/div><div class=\"wpb_column vc_column_container vc_col-sm-9 vc_col-has-fill\"><div class=\"vc_column-inner vc_custom_1609976353960\"><div class=\"wpb_wrapper\"><div class=\"vc_row wpb_row vc_inner vc_row-fluid vc_custom_1609975006661 vc_row-has-fill vc_row-o-equal-height vc_row-flex\"><div class=\"wpb_column vc_column_container vc_col-sm-12 vc_col-has-fill\"><div class=\"vc_column-inner vc_custom_1609976277529\"><div class=\"wpb_wrapper\">\n\t<div class=\"wpb_text_column wpb_content_element wpb_animate_when_almost_visible wpb_wd-slide-from-left wd-slide-from-left vc_custom_1610027501021\" >\n\t\t<div class=\"wpb_wrapper\">\n\t\t\t<h1>DRUMUL TAU SPRE EXCELENTA<\/h1>\n<h2>Sprijinim dezvoltarea oamenilor, afacerilor si a comunitatilor printr-o abordare inovativa, interventii integrate si servicii personalizate<\/h2>\n<h4><strong>Ai acces la o comunitate<\/strong> orientata spre valorificarea potentialului fiecarui individ si cresterea sanatoasa a afacerilor si comunitatilor<\/h4>\n\n\t\t<\/div>\n\t<\/div>\n<\/div><\/div><\/div><\/div><div class=\"vc_row wpb_row vc_inner vc_row-fluid vc_custom_1607430688598 vc_row-has-fill vc_row-o-equal-height vc_row-o-content-middle vc_row-flex\"><div class=\"wpb_column vc_column_container vc_col-sm-2 vc_col-has-fill\"><div class=\"vc_column-inner vc_custom_1607430682378\"><div class=\"wpb_wrapper\">\n\t<div class=\"wpb_text_column wpb_content_element wpb_animate_when_almost_visible wpb_wd-slide-from-left wd-slide-from-left vc_custom_1607432508922\" >\n\t\t<div class=\"wpb_wrapper\">\n\t\t\t<h2 style=\"text-align: left;\">ALEGE UN DRUM<\/h2>\n\n\t\t<\/div>\n\t<\/div>\n<\/div><\/div><\/div><div class=\"wpb_column vc_column_container vc_col-sm-10 vc_col-has-fill\"><div class=\"vc_column-inner vc_custom_1607430685072\"><div class=\"wpb_wrapper\"><div class=\"vc_separator wpb_content_element vc_separator_align_center vc_sep_width_100 vc_sep_pos_align_right vc_separator_no_text vc_sep_color_grey vc_custom_1607429134843 wpb_animate_when_almost_visible wpb_wd-slide-from-left wd-slide-from-left\" ><span class=\"vc_sep_holder vc_sep_holder_l\"><span class=\"vc_sep_line\"><\/span><\/span><span class=\"vc_sep_holder vc_sep_holder_r\"><span class=\"vc_sep_line\"><\/span><\/span>\n<\/div><\/div><\/div><\/div><\/div><div class=\"vc_row wpb_row vc_inner vc_row-fluid vc_custom_1607588882358 vc_row-has-fill vc_column-gap-25 vc_row-o-equal-height vc_row-flex\"><div class=\"wpb_column vc_column_container vc_col-sm-4 vc_col-has-fill\"><div class=\"vc_column-inner vc_custom_1607432628041\"><div class=\"wpb_wrapper\">\n\t<div class=\"wpb_text_column wpb_content_element wpb_animate_when_almost_visible wpb_wd-slide-from-bottom wd-slide-from-bottom vc_custom_1607588743882\" >\n\t\t<div class=\"wpb_wrapper\">\n\t\t\t<h4 style=\"text-align: left;\"><span style=\"color: #ffffff;\"><strong>OAMENI<\/strong><\/span><\/h4>\n\n\t\t<\/div>\n\t<\/div>\n\n\t<div  class=\"wpb_single_image wpb_content_element vc_align_center wpb_animate_when_almost_visible wpb_wd-slide-from-top wd-slide-from-top vc_custom_1609798845916\">\n\t\t\n\t\t<figure class=\"wpb_wrapper vc_figure\">\n\t\t\t<div class=\"vc_single_image-wrapper   vc_box_border_grey\"><img loading=\"lazy\" decoding=\"async\" width=\"421\" height=\"629\" src=\"https:\/\/www.inovatrium.ro\/wp-content\/uploads\/2020\/12\/01.jpg\" class=\"vc_single_image-img attachment-full\" alt=\"\" title=\"01\" srcset=\"https:\/\/www.inovatrium.ro\/wp-content\/uploads\/2020\/12\/01.jpg 421w, https:\/\/www.inovatrium.ro\/wp-content\/uploads\/2020\/12\/01-150x224.jpg 150w, https:\/\/www.inovatrium.ro\/wp-content\/uploads\/2020\/12\/01-201x300.jpg 201w\" sizes=\"auto, (max-width: 421px) 100vw, 421px\" \/><\/div>\n\t\t<\/figure>\n\t<\/div>\n\n\t<div class=\"wpb_text_column wpb_content_element wpb_animate_when_almost_visible wpb_wd-slide-from-top wd-slide-from-top vc_custom_1607432572615\" >\n\t\t<div class=\"wpb_wrapper\">\n\t\t\t<p>Accesezi de fiecare data alaturi de INOVATRIUM perspective noi de dezvoltare personala si profesionala! Suntem parte a vietii a peste 10000 de persoane si familii din Romania care au reusit sa-si modeleze propria existenta.<br \/>\nOferim o gama larga si foarte specifica de servicii de dezvoltare personala, psihoterapie si construim experiente relevante de dezvoltare de noi competente pentru o piata a muncii a viitorului.<\/p>\n\n\t\t<\/div>\n\t<\/div>\n<\/div><\/div><\/div><div class=\"wpb_column vc_column_container vc_col-sm-4 vc_col-has-fill\"><div class=\"vc_column-inner vc_custom_1607432633032\"><div class=\"wpb_wrapper\">\n\t<div class=\"wpb_text_column wpb_content_element wpb_animate_when_almost_visible wpb_wd-slide-from-bottom wd-slide-from-bottom vc_custom_1607588748683\" >\n\t\t<div class=\"wpb_wrapper\">\n\t\t\t<h4 style=\"text-align: left;\"><span style=\"color: #ffffff;\"><strong>AFACERI<\/strong><\/span><\/h4>\n\n\t\t<\/div>\n\t<\/div>\n\n\t<div  class=\"wpb_single_image wpb_content_element vc_align_center wpb_animate_when_almost_visible wpb_wd-slide-from-top wd-slide-from-top vc_custom_1609798806758\">\n\t\t\n\t\t<figure class=\"wpb_wrapper vc_figure\">\n\t\t\t<div class=\"vc_single_image-wrapper   vc_box_border_grey\"><img loading=\"lazy\" decoding=\"async\" width=\"421\" height=\"629\" src=\"https:\/\/www.inovatrium.ro\/wp-content\/uploads\/2020\/12\/02.jpg\" class=\"vc_single_image-img attachment-full\" alt=\"\" title=\"02\" srcset=\"https:\/\/www.inovatrium.ro\/wp-content\/uploads\/2020\/12\/02.jpg 421w, https:\/\/www.inovatrium.ro\/wp-content\/uploads\/2020\/12\/02-150x224.jpg 150w, https:\/\/www.inovatrium.ro\/wp-content\/uploads\/2020\/12\/02-201x300.jpg 201w\" sizes=\"auto, (max-width: 421px) 100vw, 421px\" \/><\/div>\n\t\t<\/figure>\n\t<\/div>\n\n\t<div class=\"wpb_text_column wpb_content_element wpb_animate_when_almost_visible wpb_wd-slide-from-top wd-slide-from-top vc_custom_1607432576325\" >\n\t\t<div class=\"wpb_wrapper\">\n\t\t\t<p>Creem oportunitati pentru afaceri de peste 15 ani! Sprijinim antreprenoriatul in toate etapele cheie pentru reusita afacerii tale, de la idee si pana la dezvoltarea de noi produse\/ servicii. Suntem parte a reusitei a peste 50 de afaceri din Regiunea Vest si a experientei antreprenoriale a peste 1500 de persoane din Europa.<br \/>\nOferim cele mai relevante programe experientiale de pe piata, care alaturi de serviciile de sprijinire a mediului de afaceri, au contribuit la cresterea competitivitatii la nivel regional.<\/p>\n\n\t\t<\/div>\n\t<\/div>\n<\/div><\/div><\/div><div class=\"wpb_column vc_column_container vc_col-sm-4 vc_col-has-fill\"><div class=\"vc_column-inner vc_custom_1607432638175\"><div class=\"wpb_wrapper\">\n\t<div class=\"wpb_text_column wpb_content_element wpb_animate_when_almost_visible wpb_wd-slide-from-bottom wd-slide-from-bottom vc_custom_1607588753360\" >\n\t\t<div class=\"wpb_wrapper\">\n\t\t\t<h4 style=\"text-align: left;\"><span style=\"color: #ffffff;\"><strong>COMUNIT\u0102\u021aI<\/strong><\/span><\/h4>\n\n\t\t<\/div>\n\t<\/div>\n\n\t<div  class=\"wpb_single_image wpb_content_element vc_align_center wpb_animate_when_almost_visible wpb_wd-slide-from-top wd-slide-from-top vc_custom_1609798816047\">\n\t\t\n\t\t<figure class=\"wpb_wrapper vc_figure\">\n\t\t\t<div class=\"vc_single_image-wrapper   vc_box_border_grey\"><img loading=\"lazy\" decoding=\"async\" width=\"421\" height=\"629\" src=\"https:\/\/www.inovatrium.ro\/wp-content\/uploads\/2020\/12\/03.jpg\" class=\"vc_single_image-img attachment-full\" alt=\"\" title=\"03\" srcset=\"https:\/\/www.inovatrium.ro\/wp-content\/uploads\/2020\/12\/03.jpg 421w, https:\/\/www.inovatrium.ro\/wp-content\/uploads\/2020\/12\/03-150x224.jpg 150w, https:\/\/www.inovatrium.ro\/wp-content\/uploads\/2020\/12\/03-201x300.jpg 201w\" sizes=\"auto, (max-width: 421px) 100vw, 421px\" \/><\/div>\n\t\t<\/figure>\n\t<\/div>\n\n\t<div class=\"wpb_text_column wpb_content_element wpb_animate_when_almost_visible wpb_wd-slide-from-top wd-slide-from-top vc_custom_1607432580826\" >\n\t\t<div class=\"wpb_wrapper\">\n\t\t\t<p>In continuare dam startul celor mai semnificative schimbari de paradigma! Fiecare dintre noi face parte dintr-un sistem cu specificatii unice si in cadrul caruia detine un rol semnificativ.<br \/>\nValorificam potentialul fiecaruia de dezvoltare si generam premisele pentru obtinerea celor mai bune rezultate. In tot acest proces, mentinem in centrul preocuparilor noastre OMUL si respectarea drepturilor si integritatii fiecarei persoane parte a comunitatii.<\/p>\n\n\t\t<\/div>\n\t<\/div>\n<\/div><\/div><\/div><\/div><div class=\"vc_row wpb_row vc_inner vc_row-fluid vc_custom_1607589106164 vc_row-has-fill vc_column-gap-25 vc_row-o-equal-height vc_row-o-content-middle vc_row-flex\"><div class=\"wpb_column vc_column_container vc_col-sm-4 vc_col-has-fill\"><div class=\"vc_column-inner vc_custom_1607588944262\"><div class=\"wpb_wrapper\">\n\t<div class=\"wpb_text_column wpb_content_element wpb_animate_when_almost_visible wpb_wd-slide-from-top wd-slide-from-top vc_custom_1610048774459\" >\n\t\t<div class=\"wpb_wrapper\">\n\t\t\t<h4><span style=\"color: #ffffff;\">Exploreaza simplu si rapid ce solutie raspunde cel mai bine nevoilor tale!<\/span><\/h4>\n\n\t\t<\/div>\n\t<\/div>\n<\/div><\/div><\/div><div class=\"wpb_column vc_column_container vc_col-sm-4 vc_col-has-fill\"><div class=\"vc_column-inner vc_custom_1607588955594\"><div class=\"wpb_wrapper\">\n\t<div class=\"wpb_text_column wpb_content_element wpb_animate_when_almost_visible wpb_wd-slide-from-top wd-slide-from-top vc_custom_1609802816973\" >\n\t\t<div class=\"wpb_wrapper\">\n\t\t\t<a class='pum-trigger  popmake-902' data-do-default=''><span style=\"color: #ffffff\"><strong>Identifica punctul de plecare al afacerii tale si acceseaza noile programe INOVATRIUM!<\/strong><\/span><\/a>\n\n\t\t<\/div>\n\t<\/div>\n<\/div><\/div><\/div><div class=\"wpb_column vc_column_container vc_col-sm-4 vc_col-has-fill\"><div class=\"vc_column-inner vc_custom_1607588971947\"><div class=\"wpb_wrapper\">\n\t<div class=\"wpb_text_column wpb_content_element wpb_animate_when_almost_visible wpb_wd-slide-from-top wd-slide-from-top vc_custom_1610048789068\" >\n\t\t<div class=\"wpb_wrapper\">\n\t\t\t<h4 style=\"text-align: left;\"><span style=\"color: #ffffff;\"><strong>Ofera-ti contextul cel mai potrivit pentru propria evolutie si afla cum impreuna putem genera schimbarea pe care o dorim!<\/strong><\/span><\/h4>\n\n\t\t<\/div>\n\t<\/div>\n<\/div><\/div><\/div><\/div><div class=\"vc_row wpb_row vc_inner vc_row-fluid vc_custom_1607430688598 vc_row-has-fill vc_row-o-equal-height vc_row-o-content-middle vc_row-flex\"><div class=\"wpb_column vc_column_container vc_col-sm-2 vc_col-has-fill\"><div class=\"vc_column-inner vc_custom_1607430682378\"><div class=\"wpb_wrapper\">\n\t<div class=\"wpb_text_column wpb_content_element wpb_animate_when_almost_visible wpb_wd-slide-from-left wd-slide-from-left vc_custom_1609808772617\" >\n\t\t<div class=\"wpb_wrapper\">\n\t\t\t<h2 style=\"text-align: left;\">PROIECTE<\/h2>\n\n\t\t<\/div>\n\t<\/div>\n<\/div><\/div><\/div><div class=\"wpb_column vc_column_container vc_col-sm-10 vc_col-has-fill\"><div class=\"vc_column-inner vc_custom_1607430685072\"><div class=\"wpb_wrapper\"><div class=\"vc_separator wpb_content_element vc_separator_align_center vc_sep_width_100 vc_sep_pos_align_right vc_separator_no_text vc_sep_color_grey vc_custom_1607429134843 wpb_animate_when_almost_visible wpb_wd-slide-from-left wd-slide-from-left\" ><span class=\"vc_sep_holder vc_sep_holder_l\"><span class=\"vc_sep_line\"><\/span><\/span><span class=\"vc_sep_holder vc_sep_holder_r\"><span class=\"vc_sep_line\"><\/span><\/span>\n<\/div><\/div><\/div><\/div><\/div><div class=\"vc_row wpb_row vc_inner vc_row-fluid vc_custom_1607431738632 vc_row-has-fill vc_column-gap-35 vc_row-o-equal-height vc_row-o-content-top vc_row-flex\"><div class=\"wpb_column vc_column_container vc_col-sm-6 vc_col-has-fill\"><div class=\"vc_column-inner vc_custom_1607432037845\"><div class=\"wpb_wrapper\">\n\t<div class=\"wpb_text_column wpb_content_element wpb_animate_when_almost_visible wpb_wd-slide-from-left wd-slide-from-left vc_custom_1744799462523\" >\n\t\t<div class=\"wpb_wrapper\">\n\t\t\t<p>In cei peste 20 de ani de activitate am dezvoltat peste 80 de proiecte cu finantare nerambursabila implementate la nivel local, national si international, atragand peste 15 milioane de euro pentru dezvoltarea comunitatilor locale, nationale si internationale.\u00a0 Am oferit solutii inovative de crestere a calitatii vietii persoanelor vulnerabile, dezvoltare a mediului de afaceri si a forumurilor de conducere publice si private. Am dezvoltat produse unice de formare si evaluare si am urmarit impactul acestora in performanta profesionala si in evolutia in cariera, fiind constant preocupati de calitatea serviciilor si evaluarea impactului masurilor intreprinse la nivel individual, organizational si comunitar.<\/p>\n<p>Solicita portofoliul nostru de proiecte <a href=\"mailto:office@inovatrium.ro\">aici<\/a>.<\/p>\n<p>Lista achizitii pentru proiectele in curs <a href=\"https:\/\/www.inovatrium.ro\/en\/achizitii\/\">aici<\/a>.<\/p>\n<p>Competitia de organizare a planurilor de afaceri &#8211; proiect \u201eSucces \u00een carier\u0103 pentru TINEri!\u201d ID 150095 \u2013 metodologie \u015fi anexe <a href=\"https:\/\/www.inovatrium.ro\/en\/competitie\/\">aici<\/a>.<\/p>\n<p>Resurse proiect \u201eSucces \u00een carier\u0103 pentru TINEri!\u201d ID 150095 \u2013 <a href=\"https:\/\/www.inovatrium.ro\/wp-content\/uploads\/2025\/04\/Antreprenoriat_Lectii-pentru-reusita-in-afaceri.pdf\">aici<\/a>, <a href=\"https:\/\/www.inovatrium.ro\/wp-content\/uploads\/2025\/04\/Rezultate-proiect-Tineri-NEETs_150095.pdf\">aici<\/a> \u015fi <a href=\"https:\/\/www.inovatrium.ro\/wp-content\/uploads\/2025\/04\/Oferta-programe-formare-profesionala-pentru-tineri.pdf\">aici<\/a>.<\/p>\n<p>Competitia de organizare a planurilor de afaceri &#8211; proiect &#8222;Femei \u2013 lidere de ast\u0103zi. Pacea de m\u00e2ine&#8221; \u2013 metodologie \u015fi anexe <a href=\"https:\/\/www.inovatrium.ro\/en\/competitie-un-women\/\">aici<\/a>.<\/p>\n\n\t\t<\/div>\n\t<\/div>\n<\/div><\/div><\/div><div class=\"wpb_column vc_column_container vc_col-sm-6 vc_col-has-fill\"><div class=\"vc_column-inner vc_custom_1607432041821\"><div class=\"wpb_wrapper\">\n\t<div  class=\"wpb_single_image wpb_content_element vc_align_center wpb_animate_when_almost_visible wpb_wd-slide-from-right wd-slide-from-right vc_custom_1609806705428\">\n\t\t\n\t\t<figure class=\"wpb_wrapper vc_figure\">\n\t\t\t<div class=\"vc_single_image-wrapper   vc_box_border_grey\"><img loading=\"lazy\" decoding=\"async\" width=\"1280\" height=\"720\" src=\"https:\/\/www.inovatrium.ro\/wp-content\/uploads\/2020\/12\/snfm_03-1.jpg\" class=\"vc_single_image-img attachment-full\" alt=\"\" title=\"snfm_03\" srcset=\"https:\/\/www.inovatrium.ro\/wp-content\/uploads\/2020\/12\/snfm_03-1.jpg 1280w, https:\/\/www.inovatrium.ro\/wp-content\/uploads\/2020\/12\/snfm_03-1-150x84.jpg 150w, https:\/\/www.inovatrium.ro\/wp-content\/uploads\/2020\/12\/snfm_03-1-600x338.jpg 600w, https:\/\/www.inovatrium.ro\/wp-content\/uploads\/2020\/12\/snfm_03-1-300x169.jpg 300w, https:\/\/www.inovatrium.ro\/wp-content\/uploads\/2020\/12\/snfm_03-1-1024x576.jpg 1024w, https:\/\/www.inovatrium.ro\/wp-content\/uploads\/2020\/12\/snfm_03-1-768x432.jpg 768w\" sizes=\"auto, (max-width: 1280px) 100vw, 1280px\" \/><\/div>\n\t\t<\/figure>\n\t<\/div>\n<\/div><\/div><\/div><\/div><div class=\"vc_row wpb_row vc_inner vc_row-fluid vc_custom_1607430570698 vc_row-has-fill vc_row-o-equal-height vc_row-o-content-top vc_row-flex\"><div class=\"wpb_column vc_column_container vc_col-sm-10 vc_col-has-fill\"><div class=\"vc_column-inner vc_custom_1607430545721\"><div class=\"wpb_wrapper\"><div class=\"vc_separator wpb_content_element vc_separator_align_center vc_sep_width_100 vc_sep_pos_align_right vc_separator_no_text vc_sep_color_grey vc_custom_1607428391841 wpb_animate_when_almost_visible wpb_wd-slide-from-right wd-slide-from-right\" ><span class=\"vc_sep_holder vc_sep_holder_l\"><span class=\"vc_sep_line\"><\/span><\/span><span class=\"vc_sep_holder vc_sep_holder_r\"><span class=\"vc_sep_line\"><\/span><\/span>\n<\/div><\/div><\/div><\/div><div class=\"wpb_column vc_column_container vc_col-sm-2 vc_col-has-fill\"><div class=\"vc_column-inner vc_custom_1607430543261\"><div class=\"wpb_wrapper\">\n\t<div class=\"wpb_text_column wpb_content_element wpb_animate_when_almost_visible wpb_wd-slide-from-right wd-slide-from-right vc_custom_1607428394972\" >\n\t\t<div class=\"wpb_wrapper\">\n\t\t\t<h2 style=\"text-align: right;\">RESULTS<\/h2>\n\n\t\t<\/div>\n\t<\/div>\n<\/div><\/div><\/div><\/div><div class=\"vc_row wpb_row vc_inner vc_row-fluid vc_custom_1607433434118 vc_row-has-fill vc_column-gap-35 vc_row-o-equal-height vc_row-flex\"><div class=\"wpb_column vc_column_container vc_col-sm-4 vc_col-has-fill\"><div class=\"vc_column-inner vc_custom_1607433483424\"><div class=\"wpb_wrapper\">\n\t<div class=\"wpb_text_column wpb_content_element wpb_animate_when_almost_visible wpb_wd-slide-from-bottom wd-slide-from-bottom vc_custom_1607433390462\" >\n\t\t<div class=\"wpb_wrapper\">\n\t\t\t<h4 style=\"text-align: center;\"><span style=\"color: #ffffff;\"><strong>OAMENI<\/strong><\/span><\/h4>\n\n\t\t<\/div>\n\t<\/div>\n\n\t<div class=\"wpb_text_column wpb_content_element wpb_animate_when_almost_visible wpb_wd-slide-from-left wd-slide-from-left vc_custom_1607428022420\" >\n\t\t<div class=\"wpb_wrapper\">\n\t\t\t<ul>\n<li>More than 700 young people have been involved in informal learning programs (volunteering, internships, and experience exchange) at the national and international level (Europe, Asia, Africa)<\/li>\n<li>More than 3000 people from Romania have been trained and certified in more than ten accredited specialization, improvement, initiation, and qualification programs<\/li>\n<li>More than 4000 people have participated in training and personal and professional development programs where they have been exposed to new experiential learning contexts<\/li>\n<li>More than 5000 women who have been victims of domestic violence and sexual abuse were supported and helped to overcome their precarious situation<\/li>\n<\/ul>\n\n\t\t<\/div>\n\t<\/div>\n<\/div><\/div><\/div><div class=\"wpb_column vc_column_container vc_col-sm-4 vc_col-has-fill\"><div class=\"vc_column-inner vc_custom_1607433488712\"><div class=\"wpb_wrapper\">\n\t<div class=\"wpb_text_column wpb_content_element wpb_animate_when_almost_visible wpb_wd-slide-from-bottom wd-slide-from-bottom vc_custom_1607433402078\" >\n\t\t<div class=\"wpb_wrapper\">\n\t\t\t<h4 style=\"text-align: center;\"><span style=\"color: #ffffff;\"><strong>AFACERI<\/strong><\/span><\/h4>\n\n\t\t<\/div>\n\t<\/div>\n\n\t<div class=\"wpb_text_column wpb_content_element wpb_animate_when_almost_visible wpb_wd-slide-from-left wd-slide-from-left vc_custom_1607428100873\" >\n\t\t<div class=\"wpb_wrapper\">\n\t\t\t<ul>\n<li>peste 500 de persoane din Romania participante la programe de formare antreprenoriala acreditate<\/li>\n<li>peste 60 de afaceri spriinite in vederea infiintarii<\/li>\n<li>peste 55 de afaceri finantate<\/li>\n<li>peste 1,5 mil euro investitie in finantarea start-up-urilor din Romania<\/li>\n<li>4 competitii de finantare a planurilor de afaceri organizate si derulate<\/li>\n<li>1 scoala de vara a tinerilor antreprenori din Regiunea de Vest<\/li>\n<li>peste 400 de afaceri din Romania (microintreprinderi, intreprinderi mici, mijlocii si mari) beneficiare de consultanta in afaceri, diagnoza organizationala si atragere de finantari<\/li>\n<\/ul>\n\n\t\t<\/div>\n\t<\/div>\n<\/div><\/div><\/div><div class=\"wpb_column vc_column_container vc_col-sm-4 vc_col-has-fill\"><div class=\"vc_column-inner vc_custom_1607433493468\"><div class=\"wpb_wrapper\">\n\t<div class=\"wpb_text_column wpb_content_element wpb_animate_when_almost_visible wpb_wd-slide-from-bottom wd-slide-from-bottom vc_custom_1607433410039\" >\n\t\t<div class=\"wpb_wrapper\">\n\t\t\t<h4 style=\"text-align: center;\"><span style=\"color: #ffffff;\"><strong>COMUNIT\u0102\u021aI<\/strong><\/span><\/h4>\n\n\t\t<\/div>\n\t<\/div>\n\n\t<div class=\"wpb_text_column wpb_content_element wpb_animate_when_almost_visible wpb_wd-slide-from-left wd-slide-from-left vc_custom_1607428104822\" >\n\t\t<div class=\"wpb_wrapper\">\n\t\t\t<ul>\n<li>Reteaua Nationala a Femeilor Manager cu peste 1200 de femei din Romania care au dobandit calificarea de Manager prin programul Scoala Nationala a Femeilor Manager.<\/li>\n<li>Comunitatea \u201cDezvoltam comuna Frumusica\u201d cu peste 630 de persoane din comunit\u0103\u021bile marginalizate beneficiare de masuri de ocupare, dezvoltare antreprenoriala si interven\u021bii integrate inovative.<\/li>\n<li>Reteaua Nationala a exper\u0163ilor mass-media \u00een domeniul egalit\u0103\u0163ii de \u015fanse \u015fi de gen cu peste 336 de jurnalisti<\/li>\n<li>Comunitatea IMMPact Vest cu peste 350 de antreprenori si persoane interesate de antreprenoriat din Regiunea de Vest<\/li>\n<li>Forumul Local de Conducere pentru sustinerea diversitatii de gen pe func\u021bii de conducere prin \u00eenv\u0103\u021bare \u0219i colaborare<\/li>\n<\/ul>\n\n\t\t<\/div>\n\t<\/div>\n<\/div><\/div><\/div><\/div><\/div><\/div><\/div><\/div><div class=\"vc_row-full-width vc_clearfix\"><\/div><div data-vc-full-width=\"true\" data-vc-full-width-temp=\"true\" data-vc-full-width-init=\"false\" class=\"vc_row wpb_row vc_row-fluid vc_custom_1602496118922 vc_row-has-fill vc_row-o-content-top vc_row-flex\"><div class=\"wpb_column vc_column_container vc_col-sm-12 vc_hidden-sm vc_hidden-xs vc_col-has-fill\"><div class=\"vc_column-inner vc_custom_1602496085696\"><div class=\"wpb_wrapper\">\n\t<div  class=\"wpb_single_image wpb_content_element vc_align_center wpb_animate_when_almost_visible wpb_top-to-bottom top-to-bottom vc_custom_1602496737557\">\n\t\t\n\t\t<figure class=\"wpb_wrapper vc_figure\">\n\t\t\t<div class=\"vc_single_image-wrapper   vc_box_border_grey\"><\/div>\n\t\t<\/figure>\n\t<\/div>\n<\/div><\/div><\/div><\/div><div class=\"vc_row-full-width vc_clearfix\"><\/div><div data-vc-full-width=\"true\" data-vc-full-width-temp=\"true\" data-vc-full-width-init=\"false\" class=\"vc_row wpb_row vc_row-fluid vc_custom_1607262027930 vc_row-has-fill vc_row-o-content-top vc_row-flex\"><div class=\"wpb_column vc_column_container vc_col-sm-12 vc_col-has-fill\"><div class=\"vc_column-inner vc_custom_1602484705916\"><div class=\"wpb_wrapper\">\n\t<div class=\"wpb_raw_code wpb_raw_html wpb_content_element vc_custom_1602491322806\" >\n\t\t<div class=\"wpb_wrapper\">\n\t\t\t<iframe loading=\"lazy\" src=\"https:\/\/www.google.com\/maps\/embed?pb=!1m18!1m12!1m3!1d2784.33401027713!2d21.236639915835656!3d45.744449422719995!2m3!1f0!2f0!3f0!3m2!1i1024!2i768!4f13.1!3m3!1m2!1s0x47455d8e4bd70c93%3A0xdf36cab4e41ef31f!2sAPFR!5e0!3m2!1sen!2sus!4v1602491301965!5m2!1sen!2sus\" width=\"100%\" height=\"350\" frameborder=\"0\" style=\"border:0;\" allowfullscreen=\"\" aria-hidden=\"false\" tabindex=\"0\"><\/iframe>\n\t\t<\/div>\n\t<\/div>\n<\/div><\/div><\/div><\/div><div class=\"vc_row-full-width vc_clearfix\"><\/div>\n<\/div>","protected":false},"excerpt":{"rendered":"DRUMUL TAU SPRE EXCELENTA Sprijinim dezvoltarea oamenilor, afacerilor si a comunitatilor printr-o abordare inovativa, interventii integrate si servicii personalizate Ai","protected":false},"author":1,"featured_media":0,"parent":0,"menu_order":0,"comment_status":"closed","ping_status":"closed","template":"","meta":{"footnotes":""},"class_list":["post-595","page","type-page","status-publish","hentry"],"_links":{"self":[{"href":"https:\/\/www.inovatrium.ro\/en\/wp-json\/wp\/v2\/pages\/595","targetHints":{"allow":["GET"]}}],"collection":[{"href":"https:\/\/www.inovatrium.ro\/en\/wp-json\/wp\/v2\/pages"}],"about":[{"href":"https:\/\/www.inovatrium.ro\/en\/wp-json\/wp\/v2\/types\/page"}],"author":[{"embeddable":true,"href":"https:\/\/www.inovatrium.ro\/en\/wp-json\/wp\/v2\/users\/1"}],"replies":[{"embeddable":true,"href":"https:\/\/www.inovatrium.ro\/en\/wp-json\/wp\/v2\/comments?post=595"}],"version-history":[{"count":0,"href":"https:\/\/www.inovatrium.ro\/en\/wp-json\/wp\/v2\/pages\/595\/revisions"}],"wp:attachment":[{"href":"https:\/\/www.inovatrium.ro\/en\/wp-json\/wp\/v2\/media?parent=595"}],"curies":[{"name":"wp","href":"https:\/\/api.w.org\/{rel}","templated":true}]}}