{"id":1021,"date":"2021-01-07T01:46:39","date_gmt":"2021-01-06T23:46:39","guid":{"rendered":"https:\/\/www.inovatrium.ro\/?page_id=1021"},"modified":"2022-03-04T16:51:51","modified_gmt":"2022-03-04T14:51:51","slug":"politica-de-cookies-si-gdpr","status":"publish","type":"page","link":"http:\/\/www.inovatrium.ro\/en\/politica-de-cookies-si-gdpr\/","title":{"rendered":"Cookie and GDPR policy"},"content":{"rendered":"<h2 class=\"wp-block-heading\">Cookies<\/h2>\n\n\n\n<p>Un cookie este un fisier de mici dimensiuni, format de regula din litere si cifre. Acesta este descarcat in memoria unui calculator sau a altui tip de dispozitiv folosit pentru navigarea pe internet (smartphone, tableta, etc), atunci cand utilizatorul acceseaza un anumit site web.<br>Nota: Cookie-ul nu poate accesa informatiile de pe hard drive-ul utilizatorului, nu contine programe software sau virusi, fiind complet \u201epasiv\u201d.<br>Atunci cand utilizatorul acceseaza un site web de pe un browser de navigare pe internet, site-ul web transmite informatii catre browser iar acesta creeaza un fisier text. De fiecare data cand utilizatorul acceseaza din nou respectivul site, browser-ul transmite acest fisier catre site-ul web. Astfel cookie-ul anunta site-ul web intotdeauna cand utilizatorul revine pe site.<br>In general rolul cookie-urilor este de a asigura o interactiune rapida si facila intre utilizatori si site-urile web. De asemenea cookie-urile sunt folosite pentru ca utilizatorii sa-si poate relua cu usurinta activitatile la urmatoarele accesari ale unui site web, vizitat anterior.<\/p>\n\n\n\n<p>De ce folosim cookie-uri?<br>Pentru a recunoaste noi vizitatori pe site.<br>Pentru a recunoaste vizitatorii din trecut.<br>Pentru a va pastra parola daca sunteti inregistrat pe site-ul nostru.<br>Pentru a imbunatati functionalitatea site-ului.<br>Pentru a intelege mai bine interesele clientilor nostri si ale vizitatorilor site-ului nostru.<\/p>\n\n\n\n<h2 class=\"wp-block-heading\">Politica GDPR \/ Date cu caracter personal<\/h2>\n\n\n\n<p>DEFINI\u021aII:<br>INOVATRIUM este denumirea comerciala a Asociatiei INOVATRIUM, persoana juridica cu sediul in Timisoara, str. 1 Decembrie, nr. 69, Judet Timis, inregistrata juridic prin Hotararea Civila cu nr. 6298\/30.06.2020 emisa de Tribunalul Timis, \u00eenscrisa in Registrul Special Asociatii de pe langa Judecatoria Timisoara la pozitia nr. 43\/10.04.2001, avand CUI 12917717.<br>Va rugam sa cititi acesti termeni si conditii cu atentie pentru folosirea in cele mai bune conditii a site-ului. Utilizarea acestui site implica acceptarea tacita a termenilor si a conditiilor de utilizare prezentate mai jos, care reprezinta intelegerea (contractul) dintre parti.<br>\u00cen cazul \u00een care, utiliz\u00e2nd site-ul, furniza\u021bi c\u0103tre INOVATRIUM date cu caracter personal, inclusiv prin completarea diferitelor formulare existente pe site, v\u0103 exprima\u021bi acordul \u00een mod expres cu privire la prelucrarea datelor dvs. \u00een conformitate cu Politica cu privire la protec\u0163ia datelor cu caracter personal \u015fi confiden\u0163ialitatea datelor.<br>INOVATRIUM asigur\u0103 vizitatorii inovatrium.ro c\u0103 va prelucra datele acestora \u00een mod onest \u0219i transparent, exclusiv \u00een interesul profesional al ambelor p\u0103r\u021bi, \u00een conformitate cu dispozi\u021biile Regulamentului (UE) nr.679\/2016 al Parlamentului European \u0219i al Consiliului Uniunii Europene (GDPR).<br>Prin folosirea formularelor \u0219i resurselor de pe site, vizitatorul declar\u0103 c\u0103 a citit \u0219i este de acord cu totalitatea prevederilor din prezen\u021bii Termeni \u0219i Condi\u021bii.<br>Prin folosirea formularelor \u0219i resurselor de pe site, sunte\u0163i de acord c\u0103 putem utiliza informa\u021biile dvs. de tipul:<br>\u2013 date personale introduse \u00een formulare: numele \u0219i adresa de e-mail exclusiv in scop de marketing.<\/p>\n\n\n\n<p>Drepturi de proprietate asupra site-ului \u0219i asupra con\u021binutului site-ului<br>\u00centregul con\u021binut al site-ului www.inovatrium.ro este protejat prin Legea nr. 8\/1996 privind dreptul de autor \u0219i drepturile conexe (Legea Dreptului de Autor), toate drepturile fiind rezervate. Acest site este de\u021binut \u0219i administrat de c\u0103tre INOVATRIUM prin echipa de organizare a bienalei de arhitectur\u0103 Beta. Toate drepturile, titlurile \u0219i interesele legate de acest site \u0219i de con\u021binutul acestuia apar\u021bin INOVATRIUM sau colaboratorilor sau partenerilor s\u0103i, \u00een calitate de furnizori ai con\u021binutului site-ului.<br>Oricare dintre materialele postate pe site sunt protejate de legislatia privind drepturile de proprietate intelectual\u0103, acestea apar\u021bin\u00e2nd INOVATRIUM sau partenerilor care particip\u0103 la activit\u0103\u021bile INOVATRIUM. Este interzis\u0103 orice reproducere, distribuire, transmitere, transferare, prezentare, difuzare, creare de opere secundare, v\u00e2nzare, \u00eenchiriere, licen\u021biere sau publicare de materiale de pe site (indiferent de modalitatea de realizare a respectivelor activit\u0103\u021bi sau de suportul pe care s-ar salva materialele \u00een vederea \u00eendeplinirii ac\u021biunilor men\u021bionate anterior) de c\u0103tre orice ter\u021b\u0103 persoan\u0103, indiferent dac\u0103 pentru un scop direct comercial sau de oricare alt\u0103 natur\u0103 pecuniar\u0103 sau nu, f\u0103r\u0103 acordul scris prealabil din partea INOVATRIUM sau din partea autorului indicat \u00een con\u021binutul anumitor materiale publicate pe site.<\/p>\n\n\n\n<p>Despre prezen\u0163ii Termeni \u015fi condi\u0163ii<br>Putem modifica prezen\u0163ii Termeni \u015fi condi\u0163ii, post\u00e2nd notific\u0103rile cu privire la modific\u0103ri pe aceast\u0103 pagin\u0103. Dac\u0103 nu sunte\u0163i de acord cu modific\u0103rile aduse Termenilor \u015fi condi\u0163iilor aferente unui serviciu, v\u0103 suger\u0103m s\u0103 \u00eentrerupe\u0163i utilizarea serviciului respectiv.<\/p>\n\n\n\n<p>Dac\u0103 ave\u021bi rezerve cu privire la prezen\u021bii Termeni \u0219i condi\u021bii, pute\u021bi trimite aceste rezerve \u00een scris prin e-mail la adresa office@inovatrium.ro Reclama\u0163ia trebuie s\u0103 con\u0163in\u0103 cel pu\u0163in: prenumele, numele, adresa de e-mail, subiectul reclama\u0163iei cu scopul de a arhiva reclama\u0163ia, semn\u0103tura, iar noi ne angaj\u0103m s\u0103 r\u0103spundem solicit\u0103rii dumneavoastr\u0103 \u00een termen de 10 zile.<br>V\u0103 mul\u021bumim!<\/p>","protected":false},"excerpt":{"rendered":"<p>Cookies Un cookie este un fisier de mici dimensiuni, format de regula din litere si cifre. Acesta este descarcat in<\/p>","protected":false},"author":2,"featured_media":0,"parent":0,"menu_order":0,"comment_status":"closed","ping_status":"closed","template":"","meta":{"footnotes":""},"class_list":["post-1021","page","type-page","status-publish","hentry"],"_links":{"self":[{"href":"http:\/\/www.inovatrium.ro\/en\/wp-json\/wp\/v2\/pages\/1021","targetHints":{"allow":["GET"]}}],"collection":[{"href":"http:\/\/www.inovatrium.ro\/en\/wp-json\/wp\/v2\/pages"}],"about":[{"href":"http:\/\/www.inovatrium.ro\/en\/wp-json\/wp\/v2\/types\/page"}],"author":[{"embeddable":true,"href":"http:\/\/www.inovatrium.ro\/en\/wp-json\/wp\/v2\/users\/2"}],"replies":[{"embeddable":true,"href":"http:\/\/www.inovatrium.ro\/en\/wp-json\/wp\/v2\/comments?post=1021"}],"version-history":[{"count":0,"href":"http:\/\/www.inovatrium.ro\/en\/wp-json\/wp\/v2\/pages\/1021\/revisions"}],"wp:attachment":[{"href":"http:\/\/www.inovatrium.ro\/en\/wp-json\/wp\/v2\/media?parent=1021"}],"curies":[{"name":"wp","href":"https:\/\/api.w.org\/{rel}","templated":true}]}}